{"id":100,"date":"2015-02-12T14:29:33","date_gmt":"2015-02-12T13:29:33","guid":{"rendered":"https:\/\/wortimpuls.wordpress.com\/?page_id=100"},"modified":"2024-03-27T07:37:33","modified_gmt":"2024-03-27T06:37:33","slug":"impressum-2","status":"publish","type":"page","link":"https:\/\/www.wortimpuls.ch\/?page_id=100","title":{"rendered":"Impressum"},"content":{"rendered":"<p>wortimpuls ist der Blog von<\/p>\n<p>Felix Klingenbeck<br \/>\nL\u00f6wenmattweg 10<br \/>\nCH-3110 M\u00fcnsingen<\/p>\n<p>Alle auf wortimpuls verwendeten Texte und Fotos sind urheberrechtlich gesch\u00fctzt. Sollten Sie Texte oder Fotos verwenden wollen, wenden Sie sich bitte an <a href=\"mailto:felix.klingenbeck@gmx.ch\">Felix Klingenbeck<\/a>.<\/p>\n<p>Bildquelle: Felix Klingenbeck; David Klingenbeck; <a href=\"https:\/\/www.pictrs.com\/aufsehen?l=de\">Gregor Gander<\/a>; Christine Flaim<\/p>\n","protected":false},"excerpt":{"rendered":"<p>wortimpuls ist der Blog von Felix Klingenbeck L\u00f6wenmattweg 10 CH-3110 M\u00fcnsingen Alle auf wortimpuls verwendeten Texte und Fotos sind urheberrechtlich gesch\u00fctzt. Sollten Sie Texte oder Fotos verwenden wollen, wenden Sie sich bitte an Felix Klingenbeck. Bildquelle: Felix Klingenbeck; David Klingenbeck;&#8230;<\/p>\n","protected":false},"author":1,"featured_media":0,"parent":0,"menu_order":0,"comment_status":"closed","ping_status":"closed","template":"","meta":{"jetpack_post_was_ever_published":false,"footnotes":""},"class_list":["post-100","page","type-page","status-publish","hentry"],"jetpack_sharing_enabled":false,"_links":{"self":[{"href":"https:\/\/www.wortimpuls.ch\/index.php?rest_route=\/wp\/v2\/pages\/100","targetHints":{"allow":["GET"]}}],"collection":[{"href":"https:\/\/www.wortimpuls.ch\/index.php?rest_route=\/wp\/v2\/pages"}],"about":[{"href":"https:\/\/www.wortimpuls.ch\/index.php?rest_route=\/wp\/v2\/types\/page"}],"author":[{"embeddable":true,"href":"https:\/\/www.wortimpuls.ch\/index.php?rest_route=\/wp\/v2\/users\/1"}],"replies":[{"embeddable":true,"href":"https:\/\/www.wortimpuls.ch\/index.php?rest_route=%2Fwp%2Fv2%2Fcomments&post=100"}],"version-history":[{"count":10,"href":"https:\/\/www.wortimpuls.ch\/index.php?rest_route=\/wp\/v2\/pages\/100\/revisions"}],"predecessor-version":[{"id":2943,"href":"https:\/\/www.wortimpuls.ch\/index.php?rest_route=\/wp\/v2\/pages\/100\/revisions\/2943"}],"wp:attachment":[{"href":"https:\/\/www.wortimpuls.ch\/index.php?rest_route=%2Fwp%2Fv2%2Fmedia&parent=100"}],"curies":[{"name":"wp","href":"https:\/\/api.w.org\/{rel}","templated":true}]}}